{"id":151,"date":"2018-04-15T21:24:26","date_gmt":"2018-04-15T18:24:26","guid":{"rendered":"http:\/\/sounddesignist.com\/tr\/?page_id=151"},"modified":"2022-06-15T10:49:53","modified_gmt":"2022-06-15T07:49:53","slug":"glamorize-records","status":"publish","type":"page","link":"https:\/\/www.sounddesignist.com\/tr\/glamorize-records\/","title":{"rendered":"GLAMORIZE RECORDS"},"content":{"rendered":"<p>Kurallar\u0131 yeniden yazan estetik bir dokunu\u015f ve ba\u015ftan \u00e7\u0131kar\u0131c\u0131 t\u00fcm renkleri b\u00fcnyesinde bar\u0131nd\u0131ran de\u011ferli bir sanat eseri&#8230;<br \/>\nEn p\u00fcr\u00fczs\u00fcz dokular\u0131n \u00fczerinde dans eden mucizevi ellerin parmaklar\u0131 aras\u0131ndaki ipek kuma\u015f gibi\u2026<br \/>\nBinlerce tat dalgas\u0131n\u0131 v\u00fccudunda bar\u0131nd\u0131ran m\u00fccevher dokulu bir tatl\u0131n\u0131n sunumu gibi\u2026<br \/>\nGlamorize, en derindeki duygular\u0131 harekete ge\u00e7iren m\u00fcz\u0131\u011fin ve y\u00fcksek ya\u015fam\u0131n parlayan yeni ikonu..<\/p>\n<p>G\u00fcnbat\u0131m\u0131ndan Dolunaya Yeni M\u00fczi\u011fin Yarat\u0131c\u0131s\u0131 Glamorize Records : M\u00fczi\u011fin ressamlar\u0131 Glamorize Records\u2019da biraraya geliyor;<br \/>\nLounge, Chillout, Ambient, Space Age, New Age, Trip Hop, Nu jazz, Ambient House, Etnik, Smooth Electronica t\u00fcrlerinin<br \/>\n\u00f6nemli icrac\u0131lar\u0131, sanat\u00e7\u0131lar, producerlar, producer-dj\u2019ler ve m\u00fczik tasar\u0131mc\u0131lar\u0131 glamorize\u2019\u0131n se\u00e7kin kadrosunda biraraya geliyor.<\/p>\n<p>\u201cGlamorize Tarz\u0131\u201d dinleyici i\u00e7in e\u015fsiz olan \u2018o an\u2019\u0131 yaratma ve ya\u015fatma ideali \u00fczerine kurgulan\u0131r. Glamorize m\u00fczikal derinli\u011fi ile<br \/>\ndinleyiciyi etki alt\u0131na alarak ba\u015fka bir yerde olma duygudurumunu olu\u015fturur. Sanat\u0131n her alan\u0131yla etkile\u015fimde olan \u2018ger\u00e7ek m\u00fczik\u2019 ve<br \/>\n&#8216;alternatif lifestyle&#8217; i\u00e7in tasarlayan, \u00fcreten yarat\u0131c\u0131 ekibi ile Glamorize, sembolle\u015fen bir label olmay\u0131 hedefliyor.<\/p>\n","protected":false},"excerpt":{"rendered":"<p>Kurallar\u0131 yeniden yazan estetik bir dokunu\u015f ve ba\u015ftan \u00e7\u0131kar\u0131c\u0131 t\u00fcm renkleri b\u00fcnyesinde bar\u0131nd\u0131ran de\u011ferli bir sanat eseri&#8230; En p\u00fcr\u00fczs\u00fcz dokular\u0131n \u00fczerinde dans eden mucizevi ellerin parmaklar\u0131 aras\u0131ndaki ipek kuma\u015f gibi\u2026 Binlerce tat dalgas\u0131n\u0131 v\u00fccudunda bar\u0131nd\u0131ran m\u00fccevher dokulu bir tatl\u0131n\u0131n sunumu gibi\u2026 Glamorize, en derindeki duygular\u0131 harekete ge\u00e7iren m\u00fcz\u0131\u011fin ve y\u00fcksek ya\u015fam\u0131n parlayan yeni ikonu.. G\u00fcnbat\u0131m\u0131ndan&#8230;<\/p>\n","protected":false},"author":3,"featured_media":0,"parent":0,"menu_order":0,"comment_status":"closed","ping_status":"closed","template":"page-olabel.php","meta":{"_acf_changed":false,"footnotes":""},"class_list":["post-151","page","type-page","status-publish","hentry"],"acf":[],"yoast_head":"<!-- This site is optimized with the Yoast SEO plugin v27.3 - https:\/\/yoast.com\/product\/yoast-seo-wordpress\/ -->\n<title>GLAMORIZE RECORDS - Sound Design Istanbul<\/title>\n<meta name=\"robots\" content=\"index, follow, max-snippet:-1, max-image-preview:large, max-video-preview:-1\" \/>\n<link rel=\"canonical\" href=\"https:\/\/www.sounddesignist.com\/tr\/glamorize-records\/\" \/>\n<meta property=\"og:locale\" content=\"tr_TR\" \/>\n<meta property=\"og:type\" content=\"article\" \/>\n<meta property=\"og:title\" content=\"GLAMORIZE RECORDS - Sound Design Istanbul\" \/>\n<meta property=\"og:description\" content=\"Kurallar\u0131 yeniden yazan estetik bir dokunu\u015f ve ba\u015ftan \u00e7\u0131kar\u0131c\u0131 t\u00fcm renkleri b\u00fcnyesinde bar\u0131nd\u0131ran de\u011ferli bir sanat eseri&#8230; En p\u00fcr\u00fczs\u00fcz dokular\u0131n \u00fczerinde dans eden mucizevi ellerin parmaklar\u0131 aras\u0131ndaki ipek kuma\u015f gibi\u2026 Binlerce tat dalgas\u0131n\u0131 v\u00fccudunda bar\u0131nd\u0131ran m\u00fccevher dokulu bir tatl\u0131n\u0131n sunumu gibi\u2026 Glamorize, en derindeki duygular\u0131 harekete ge\u00e7iren m\u00fcz\u0131\u011fin ve y\u00fcksek ya\u015fam\u0131n parlayan yeni ikonu.. G\u00fcnbat\u0131m\u0131ndan...\" \/>\n<meta property=\"og:url\" content=\"https:\/\/www.sounddesignist.com\/tr\/glamorize-records\/\" \/>\n<meta property=\"og:site_name\" content=\"Sound Design Istanbul\" \/>\n<meta property=\"article:modified_time\" content=\"2022-06-15T07:49:53+00:00\" \/>\n<meta name=\"twitter:card\" content=\"summary_large_image\" \/>\n<meta name=\"twitter:label1\" content=\"Tahmini okuma s\u00fcresi\" \/>\n\t<meta name=\"twitter:data1\" content=\"1 dakika\" \/>\n<script type=\"application\/ld+json\" class=\"yoast-schema-graph\">{\"@context\":\"https:\\\/\\\/schema.org\",\"@graph\":[{\"@type\":\"WebPage\",\"@id\":\"https:\\\/\\\/www.sounddesignist.com\\\/tr\\\/glamorize-records\\\/\",\"url\":\"https:\\\/\\\/www.sounddesignist.com\\\/tr\\\/glamorize-records\\\/\",\"name\":\"GLAMORIZE RECORDS - Sound Design Istanbul\",\"isPartOf\":{\"@id\":\"https:\\\/\\\/www.sounddesignist.com\\\/tr\\\/#website\"},\"datePublished\":\"2018-04-15T18:24:26+00:00\",\"dateModified\":\"2022-06-15T07:49:53+00:00\",\"breadcrumb\":{\"@id\":\"https:\\\/\\\/www.sounddesignist.com\\\/tr\\\/glamorize-records\\\/#breadcrumb\"},\"inLanguage\":\"tr\",\"potentialAction\":[{\"@type\":\"ReadAction\",\"target\":[\"https:\\\/\\\/www.sounddesignist.com\\\/tr\\\/glamorize-records\\\/\"]}]},{\"@type\":\"BreadcrumbList\",\"@id\":\"https:\\\/\\\/www.sounddesignist.com\\\/tr\\\/glamorize-records\\\/#breadcrumb\",\"itemListElement\":[{\"@type\":\"ListItem\",\"position\":1,\"name\":\"Home\",\"item\":\"https:\\\/\\\/www.sounddesignist.com\\\/tr\\\/\"},{\"@type\":\"ListItem\",\"position\":2,\"name\":\"GLAMORIZE RECORDS\"}]},{\"@type\":\"WebSite\",\"@id\":\"https:\\\/\\\/www.sounddesignist.com\\\/tr\\\/#website\",\"url\":\"https:\\\/\\\/www.sounddesignist.com\\\/tr\\\/\",\"name\":\"Sound Design Istanbul\",\"description\":\"Subcultural Electronic Music Community\",\"potentialAction\":[{\"@type\":\"SearchAction\",\"target\":{\"@type\":\"EntryPoint\",\"urlTemplate\":\"https:\\\/\\\/www.sounddesignist.com\\\/tr\\\/?s={search_term_string}\"},\"query-input\":{\"@type\":\"PropertyValueSpecification\",\"valueRequired\":true,\"valueName\":\"search_term_string\"}}],\"inLanguage\":\"tr\"}]}<\/script>\n<!-- \/ Yoast SEO plugin. -->","yoast_head_json":{"title":"GLAMORIZE RECORDS - Sound Design Istanbul","robots":{"index":"index","follow":"follow","max-snippet":"max-snippet:-1","max-image-preview":"max-image-preview:large","max-video-preview":"max-video-preview:-1"},"canonical":"https:\/\/www.sounddesignist.com\/tr\/glamorize-records\/","og_locale":"tr_TR","og_type":"article","og_title":"GLAMORIZE RECORDS - Sound Design Istanbul","og_description":"Kurallar\u0131 yeniden yazan estetik bir dokunu\u015f ve ba\u015ftan \u00e7\u0131kar\u0131c\u0131 t\u00fcm renkleri b\u00fcnyesinde bar\u0131nd\u0131ran de\u011ferli bir sanat eseri&#8230; En p\u00fcr\u00fczs\u00fcz dokular\u0131n \u00fczerinde dans eden mucizevi ellerin parmaklar\u0131 aras\u0131ndaki ipek kuma\u015f gibi\u2026 Binlerce tat dalgas\u0131n\u0131 v\u00fccudunda bar\u0131nd\u0131ran m\u00fccevher dokulu bir tatl\u0131n\u0131n sunumu gibi\u2026 Glamorize, en derindeki duygular\u0131 harekete ge\u00e7iren m\u00fcz\u0131\u011fin ve y\u00fcksek ya\u015fam\u0131n parlayan yeni ikonu.. G\u00fcnbat\u0131m\u0131ndan...","og_url":"https:\/\/www.sounddesignist.com\/tr\/glamorize-records\/","og_site_name":"Sound Design Istanbul","article_modified_time":"2022-06-15T07:49:53+00:00","twitter_card":"summary_large_image","twitter_misc":{"Tahmini okuma s\u00fcresi":"1 dakika"},"schema":{"@context":"https:\/\/schema.org","@graph":[{"@type":"WebPage","@id":"https:\/\/www.sounddesignist.com\/tr\/glamorize-records\/","url":"https:\/\/www.sounddesignist.com\/tr\/glamorize-records\/","name":"GLAMORIZE RECORDS - Sound Design Istanbul","isPartOf":{"@id":"https:\/\/www.sounddesignist.com\/tr\/#website"},"datePublished":"2018-04-15T18:24:26+00:00","dateModified":"2022-06-15T07:49:53+00:00","breadcrumb":{"@id":"https:\/\/www.sounddesignist.com\/tr\/glamorize-records\/#breadcrumb"},"inLanguage":"tr","potentialAction":[{"@type":"ReadAction","target":["https:\/\/www.sounddesignist.com\/tr\/glamorize-records\/"]}]},{"@type":"BreadcrumbList","@id":"https:\/\/www.sounddesignist.com\/tr\/glamorize-records\/#breadcrumb","itemListElement":[{"@type":"ListItem","position":1,"name":"Home","item":"https:\/\/www.sounddesignist.com\/tr\/"},{"@type":"ListItem","position":2,"name":"GLAMORIZE RECORDS"}]},{"@type":"WebSite","@id":"https:\/\/www.sounddesignist.com\/tr\/#website","url":"https:\/\/www.sounddesignist.com\/tr\/","name":"Sound Design Istanbul","description":"Subcultural Electronic Music Community","potentialAction":[{"@type":"SearchAction","target":{"@type":"EntryPoint","urlTemplate":"https:\/\/www.sounddesignist.com\/tr\/?s={search_term_string}"},"query-input":{"@type":"PropertyValueSpecification","valueRequired":true,"valueName":"search_term_string"}}],"inLanguage":"tr"}]}},"_links":{"self":[{"href":"https:\/\/www.sounddesignist.com\/tr\/wp-json\/wp\/v2\/pages\/151","targetHints":{"allow":["GET"]}}],"collection":[{"href":"https:\/\/www.sounddesignist.com\/tr\/wp-json\/wp\/v2\/pages"}],"about":[{"href":"https:\/\/www.sounddesignist.com\/tr\/wp-json\/wp\/v2\/types\/page"}],"author":[{"embeddable":true,"href":"https:\/\/www.sounddesignist.com\/tr\/wp-json\/wp\/v2\/users\/3"}],"replies":[{"embeddable":true,"href":"https:\/\/www.sounddesignist.com\/tr\/wp-json\/wp\/v2\/comments?post=151"}],"version-history":[{"count":55,"href":"https:\/\/www.sounddesignist.com\/tr\/wp-json\/wp\/v2\/pages\/151\/revisions"}],"predecessor-version":[{"id":1043,"href":"https:\/\/www.sounddesignist.com\/tr\/wp-json\/wp\/v2\/pages\/151\/revisions\/1043"}],"wp:attachment":[{"href":"https:\/\/www.sounddesignist.com\/tr\/wp-json\/wp\/v2\/media?parent=151"}],"curies":[{"name":"wp","href":"https:\/\/api.w.org\/{rel}","templated":true}]}}