{"id":57,"date":"2018-04-05T22:48:39","date_gmt":"2018-04-05T19:48:39","guid":{"rendered":"http:\/\/sounddesignist.com\/tr\/?page_id=57"},"modified":"2022-06-15T16:45:57","modified_gmt":"2022-06-15T13:45:57","slug":"services","status":"publish","type":"page","link":"https:\/\/www.sounddesignist.com\/tr\/services\/","title":{"rendered":"Hizmetler\u00a0"},"content":{"rendered":"<p class=\"title\">SOUND DESIGN ISTANBUL<\/p>\n<p>Sound Design Istanbul, bir projenin ses alan\u0131ndaki her gereksinimini fonksiyonlar\u0131na ay\u0131rarak kar\u015f\u0131layan; tasar\u0131m odakl\u0131, organizasyonel bir yap\u0131d\u0131r. kompozisyon, aranjman, ses tasar\u0131m\u0131 gibi yarat\u0131c\u0131 i\u015fitsel s\u00fcre\u00e7lerin yan\u0131 s\u0131ra; kay\u0131t, mix ve mastering gibi teknik s\u00fcre\u00e7lerin de tamam\u0131n\u0131 kendi b\u00fcnyesinde tasarlar, uygular ve istenilen formatlarda teslim eder.<\/p>\n<ul class=\"letter-list\">\n<li><a title=\"\">SES TASARIMI<\/a><\/li>\n<li><a title=\"\">M\u00dcZ\u0130K PROD\u00dcKS\u0130YONU<\/a><\/li>\n<li><a title=\"\">POST PROD\u00dcKS\u0130YON<\/a><\/li>\n<li><a title=\"\">SOUND ART<\/a><\/li>\n<li><a title=\"\">ST\u00dcDYO K\u0130RALAMA<\/a><\/li>\n<\/ul>\n","protected":false},"excerpt":{"rendered":"<p>SOUND DESIGN ISTANBUL Sound Design Istanbul, bir projenin ses alan\u0131ndaki her gereksinimini fonksiyonlar\u0131na ay\u0131rarak kar\u015f\u0131layan; tasar\u0131m odakl\u0131, organizasyonel bir yap\u0131d\u0131r. kompozisyon, aranjman, ses tasar\u0131m\u0131 gibi yarat\u0131c\u0131 i\u015fitsel s\u00fcre\u00e7lerin yan\u0131 s\u0131ra; kay\u0131t, mix ve mastering gibi teknik s\u00fcre\u00e7lerin de tamam\u0131n\u0131 kendi b\u00fcnyesinde tasarlar, uygular ve istenilen formatlarda teslim eder. SES TASARIMI M\u00dcZ\u0130K PROD\u00dcKS\u0130YONU POST PROD\u00dcKS\u0130YON SOUND&#8230;<\/p>\n","protected":false},"author":3,"featured_media":0,"parent":0,"menu_order":0,"comment_status":"closed","ping_status":"closed","template":"page-services.php","meta":{"_acf_changed":false,"footnotes":""},"class_list":["post-57","page","type-page","status-publish","hentry"],"acf":[],"yoast_head":"<!-- This site is optimized with the Yoast SEO plugin v27.3 - https:\/\/yoast.com\/product\/yoast-seo-wordpress\/ -->\n<title>Hizmetler\u00a0 - Sound Design Istanbul<\/title>\n<meta name=\"robots\" content=\"index, follow, max-snippet:-1, max-image-preview:large, max-video-preview:-1\" \/>\n<link rel=\"canonical\" href=\"https:\/\/www.sounddesignist.com\/tr\/services\/\" \/>\n<meta property=\"og:locale\" content=\"tr_TR\" \/>\n<meta property=\"og:type\" content=\"article\" \/>\n<meta property=\"og:title\" content=\"Hizmetler\u00a0 - Sound Design Istanbul\" \/>\n<meta property=\"og:description\" content=\"SOUND DESIGN ISTANBUL Sound Design Istanbul, bir projenin ses alan\u0131ndaki her gereksinimini fonksiyonlar\u0131na ay\u0131rarak kar\u015f\u0131layan; tasar\u0131m odakl\u0131, organizasyonel bir yap\u0131d\u0131r. kompozisyon, aranjman, ses tasar\u0131m\u0131 gibi yarat\u0131c\u0131 i\u015fitsel s\u00fcre\u00e7lerin yan\u0131 s\u0131ra; kay\u0131t, mix ve mastering gibi teknik s\u00fcre\u00e7lerin de tamam\u0131n\u0131 kendi b\u00fcnyesinde tasarlar, uygular ve istenilen formatlarda teslim eder. SES TASARIMI M\u00dcZ\u0130K PROD\u00dcKS\u0130YONU POST PROD\u00dcKS\u0130YON SOUND...\" \/>\n<meta property=\"og:url\" content=\"https:\/\/www.sounddesignist.com\/tr\/services\/\" \/>\n<meta property=\"og:site_name\" content=\"Sound Design Istanbul\" \/>\n<meta property=\"article:modified_time\" content=\"2022-06-15T13:45:57+00:00\" \/>\n<meta name=\"twitter:card\" content=\"summary_large_image\" \/>\n<meta name=\"twitter:label1\" content=\"Tahmini okuma s\u00fcresi\" \/>\n\t<meta name=\"twitter:data1\" content=\"1 dakika\" \/>\n<script type=\"application\/ld+json\" class=\"yoast-schema-graph\">{\"@context\":\"https:\\\/\\\/schema.org\",\"@graph\":[{\"@type\":\"WebPage\",\"@id\":\"https:\\\/\\\/www.sounddesignist.com\\\/tr\\\/services\\\/\",\"url\":\"https:\\\/\\\/www.sounddesignist.com\\\/tr\\\/services\\\/\",\"name\":\"Hizmetler\u00a0 - Sound Design Istanbul\",\"isPartOf\":{\"@id\":\"https:\\\/\\\/www.sounddesignist.com\\\/tr\\\/#website\"},\"datePublished\":\"2018-04-05T19:48:39+00:00\",\"dateModified\":\"2022-06-15T13:45:57+00:00\",\"breadcrumb\":{\"@id\":\"https:\\\/\\\/www.sounddesignist.com\\\/tr\\\/services\\\/#breadcrumb\"},\"inLanguage\":\"tr\",\"potentialAction\":[{\"@type\":\"ReadAction\",\"target\":[\"https:\\\/\\\/www.sounddesignist.com\\\/tr\\\/services\\\/\"]}]},{\"@type\":\"BreadcrumbList\",\"@id\":\"https:\\\/\\\/www.sounddesignist.com\\\/tr\\\/services\\\/#breadcrumb\",\"itemListElement\":[{\"@type\":\"ListItem\",\"position\":1,\"name\":\"Home\",\"item\":\"https:\\\/\\\/www.sounddesignist.com\\\/tr\\\/\"},{\"@type\":\"ListItem\",\"position\":2,\"name\":\"Hizmetler\u00a0\"}]},{\"@type\":\"WebSite\",\"@id\":\"https:\\\/\\\/www.sounddesignist.com\\\/tr\\\/#website\",\"url\":\"https:\\\/\\\/www.sounddesignist.com\\\/tr\\\/\",\"name\":\"Sound Design Istanbul\",\"description\":\"Subcultural Electronic Music Community\",\"potentialAction\":[{\"@type\":\"SearchAction\",\"target\":{\"@type\":\"EntryPoint\",\"urlTemplate\":\"https:\\\/\\\/www.sounddesignist.com\\\/tr\\\/?s={search_term_string}\"},\"query-input\":{\"@type\":\"PropertyValueSpecification\",\"valueRequired\":true,\"valueName\":\"search_term_string\"}}],\"inLanguage\":\"tr\"}]}<\/script>\n<!-- \/ Yoast SEO plugin. -->","yoast_head_json":{"title":"Hizmetler\u00a0 - Sound Design Istanbul","robots":{"index":"index","follow":"follow","max-snippet":"max-snippet:-1","max-image-preview":"max-image-preview:large","max-video-preview":"max-video-preview:-1"},"canonical":"https:\/\/www.sounddesignist.com\/tr\/services\/","og_locale":"tr_TR","og_type":"article","og_title":"Hizmetler\u00a0 - Sound Design Istanbul","og_description":"SOUND DESIGN ISTANBUL Sound Design Istanbul, bir projenin ses alan\u0131ndaki her gereksinimini fonksiyonlar\u0131na ay\u0131rarak kar\u015f\u0131layan; tasar\u0131m odakl\u0131, organizasyonel bir yap\u0131d\u0131r. kompozisyon, aranjman, ses tasar\u0131m\u0131 gibi yarat\u0131c\u0131 i\u015fitsel s\u00fcre\u00e7lerin yan\u0131 s\u0131ra; kay\u0131t, mix ve mastering gibi teknik s\u00fcre\u00e7lerin de tamam\u0131n\u0131 kendi b\u00fcnyesinde tasarlar, uygular ve istenilen formatlarda teslim eder. SES TASARIMI M\u00dcZ\u0130K PROD\u00dcKS\u0130YONU POST PROD\u00dcKS\u0130YON SOUND...","og_url":"https:\/\/www.sounddesignist.com\/tr\/services\/","og_site_name":"Sound Design Istanbul","article_modified_time":"2022-06-15T13:45:57+00:00","twitter_card":"summary_large_image","twitter_misc":{"Tahmini okuma s\u00fcresi":"1 dakika"},"schema":{"@context":"https:\/\/schema.org","@graph":[{"@type":"WebPage","@id":"https:\/\/www.sounddesignist.com\/tr\/services\/","url":"https:\/\/www.sounddesignist.com\/tr\/services\/","name":"Hizmetler\u00a0 - Sound Design Istanbul","isPartOf":{"@id":"https:\/\/www.sounddesignist.com\/tr\/#website"},"datePublished":"2018-04-05T19:48:39+00:00","dateModified":"2022-06-15T13:45:57+00:00","breadcrumb":{"@id":"https:\/\/www.sounddesignist.com\/tr\/services\/#breadcrumb"},"inLanguage":"tr","potentialAction":[{"@type":"ReadAction","target":["https:\/\/www.sounddesignist.com\/tr\/services\/"]}]},{"@type":"BreadcrumbList","@id":"https:\/\/www.sounddesignist.com\/tr\/services\/#breadcrumb","itemListElement":[{"@type":"ListItem","position":1,"name":"Home","item":"https:\/\/www.sounddesignist.com\/tr\/"},{"@type":"ListItem","position":2,"name":"Hizmetler\u00a0"}]},{"@type":"WebSite","@id":"https:\/\/www.sounddesignist.com\/tr\/#website","url":"https:\/\/www.sounddesignist.com\/tr\/","name":"Sound Design Istanbul","description":"Subcultural Electronic Music Community","potentialAction":[{"@type":"SearchAction","target":{"@type":"EntryPoint","urlTemplate":"https:\/\/www.sounddesignist.com\/tr\/?s={search_term_string}"},"query-input":{"@type":"PropertyValueSpecification","valueRequired":true,"valueName":"search_term_string"}}],"inLanguage":"tr"}]}},"_links":{"self":[{"href":"https:\/\/www.sounddesignist.com\/tr\/wp-json\/wp\/v2\/pages\/57","targetHints":{"allow":["GET"]}}],"collection":[{"href":"https:\/\/www.sounddesignist.com\/tr\/wp-json\/wp\/v2\/pages"}],"about":[{"href":"https:\/\/www.sounddesignist.com\/tr\/wp-json\/wp\/v2\/types\/page"}],"author":[{"embeddable":true,"href":"https:\/\/www.sounddesignist.com\/tr\/wp-json\/wp\/v2\/users\/3"}],"replies":[{"embeddable":true,"href":"https:\/\/www.sounddesignist.com\/tr\/wp-json\/wp\/v2\/comments?post=57"}],"version-history":[{"count":8,"href":"https:\/\/www.sounddesignist.com\/tr\/wp-json\/wp\/v2\/pages\/57\/revisions"}],"predecessor-version":[{"id":1046,"href":"https:\/\/www.sounddesignist.com\/tr\/wp-json\/wp\/v2\/pages\/57\/revisions\/1046"}],"wp:attachment":[{"href":"https:\/\/www.sounddesignist.com\/tr\/wp-json\/wp\/v2\/media?parent=57"}],"curies":[{"name":"wp","href":"https:\/\/api.w.org\/{rel}","templated":true}]}}