{"id":701,"date":"2019-10-28T02:09:55","date_gmt":"2019-10-27T23:09:55","guid":{"rendered":"https:\/\/www.sounddesignist.com\/tr\/?page_id=701"},"modified":"2022-06-15T10:46:23","modified_gmt":"2022-06-15T07:46:23","slug":"genesys-studio","status":"publish","type":"page","link":"https:\/\/www.sounddesignist.com\/tr\/genesys-studio\/","title":{"rendered":"GENESYS STUDIO"},"content":{"rendered":"\n<p>M\u00fczik end\u00fcstrisinin g\u00fcncel ihtiya\u00e7lar\u0131na g\u00f6re haz\u0131rlanan Genesys Studio ile projelerini ve ses tasar\u0131mlar\u0131n\u0131 en g\u00fcncel ekipmanlarla kaydet.<\/p>\n\n\n\n<p>SDI ses m\u00fchendislerinin ve prod\u00fckt\u00f6rlerinin t\u00fcm ihtiya\u00e7lar\u0131n\u0131 en g\u00fcncel ekipmanlarla kar\u015f\u0131layan Genesys Studio ile planlad\u0131\u011f\u0131n projeleri ask\u0131ya alma. Sahip oldu\u011fun teorik bilgileri ve ses tasar\u0131mlar\u0131n\u0131, en iyi ekipmanlar\u0131 kullanarak Genesys Studio ile prati\u011fe d\u00f6k!<\/p>\n\n\n\n<p>M\u00fczik end\u00fcstrisinin ihtiya\u00e7lar\u0131n\u0131 en g\u00fcncel ekipmanlarla kar\u015f\u0131layan Genesys Studio ile bekleyen projelerini en iyi donan\u0131m ve yaz\u0131l\u0131mlar\u0131 kullanarak kaydet.<\/p>\n","protected":false},"excerpt":{"rendered":"<p>M\u00fczik end\u00fcstrisinin g\u00fcncel ihtiya\u00e7lar\u0131na g\u00f6re haz\u0131rlanan Genesys Studio ile projelerini ve ses tasar\u0131mlar\u0131n\u0131 en g\u00fcncel ekipmanlarla kaydet. SDI ses m\u00fchendislerinin ve prod\u00fckt\u00f6rlerinin t\u00fcm ihtiya\u00e7lar\u0131n\u0131 en g\u00fcncel ekipmanlarla kar\u015f\u0131layan Genesys Studio ile planlad\u0131\u011f\u0131n projeleri ask\u0131ya alma. Sahip oldu\u011fun teorik bilgileri ve ses tasar\u0131mlar\u0131n\u0131, en iyi ekipmanlar\u0131 kullanarak Genesys Studio ile prati\u011fe d\u00f6k! M\u00fczik end\u00fcstrisinin ihtiya\u00e7lar\u0131n\u0131 en&#8230;<\/p>\n","protected":false},"author":3,"featured_media":0,"parent":0,"menu_order":0,"comment_status":"closed","ping_status":"closed","template":"page-studyo.php","meta":{"_acf_changed":false,"footnotes":""},"class_list":["post-701","page","type-page","status-publish","hentry"],"acf":[],"yoast_head":"<!-- This site is optimized with the Yoast SEO plugin v27.3 - https:\/\/yoast.com\/product\/yoast-seo-wordpress\/ -->\n<title>GENESYS STUDIO - Sound Design Istanbul<\/title>\n<meta name=\"robots\" content=\"index, follow, max-snippet:-1, max-image-preview:large, max-video-preview:-1\" \/>\n<link rel=\"canonical\" href=\"https:\/\/www.sounddesignist.com\/tr\/genesys-studio\/\" \/>\n<meta property=\"og:locale\" content=\"tr_TR\" \/>\n<meta property=\"og:type\" content=\"article\" \/>\n<meta property=\"og:title\" content=\"GENESYS STUDIO - Sound Design Istanbul\" \/>\n<meta property=\"og:description\" content=\"M\u00fczik end\u00fcstrisinin g\u00fcncel ihtiya\u00e7lar\u0131na g\u00f6re haz\u0131rlanan Genesys Studio ile projelerini ve ses tasar\u0131mlar\u0131n\u0131 en g\u00fcncel ekipmanlarla kaydet. SDI ses m\u00fchendislerinin ve prod\u00fckt\u00f6rlerinin t\u00fcm ihtiya\u00e7lar\u0131n\u0131 en g\u00fcncel ekipmanlarla kar\u015f\u0131layan Genesys Studio ile planlad\u0131\u011f\u0131n projeleri ask\u0131ya alma. Sahip oldu\u011fun teorik bilgileri ve ses tasar\u0131mlar\u0131n\u0131, en iyi ekipmanlar\u0131 kullanarak Genesys Studio ile prati\u011fe d\u00f6k! M\u00fczik end\u00fcstrisinin ihtiya\u00e7lar\u0131n\u0131 en...\" \/>\n<meta property=\"og:url\" content=\"https:\/\/www.sounddesignist.com\/tr\/genesys-studio\/\" \/>\n<meta property=\"og:site_name\" content=\"Sound Design Istanbul\" \/>\n<meta property=\"article:modified_time\" content=\"2022-06-15T07:46:23+00:00\" \/>\n<meta name=\"twitter:card\" content=\"summary_large_image\" \/>\n<meta name=\"twitter:label1\" content=\"Tahmini okuma s\u00fcresi\" \/>\n\t<meta name=\"twitter:data1\" content=\"1 dakika\" \/>\n<script type=\"application\/ld+json\" class=\"yoast-schema-graph\">{\"@context\":\"https:\\\/\\\/schema.org\",\"@graph\":[{\"@type\":\"WebPage\",\"@id\":\"https:\\\/\\\/www.sounddesignist.com\\\/tr\\\/genesys-studio\\\/\",\"url\":\"https:\\\/\\\/www.sounddesignist.com\\\/tr\\\/genesys-studio\\\/\",\"name\":\"GENESYS STUDIO - Sound Design Istanbul\",\"isPartOf\":{\"@id\":\"https:\\\/\\\/www.sounddesignist.com\\\/tr\\\/#website\"},\"datePublished\":\"2019-10-27T23:09:55+00:00\",\"dateModified\":\"2022-06-15T07:46:23+00:00\",\"breadcrumb\":{\"@id\":\"https:\\\/\\\/www.sounddesignist.com\\\/tr\\\/genesys-studio\\\/#breadcrumb\"},\"inLanguage\":\"tr\",\"potentialAction\":[{\"@type\":\"ReadAction\",\"target\":[\"https:\\\/\\\/www.sounddesignist.com\\\/tr\\\/genesys-studio\\\/\"]}]},{\"@type\":\"BreadcrumbList\",\"@id\":\"https:\\\/\\\/www.sounddesignist.com\\\/tr\\\/genesys-studio\\\/#breadcrumb\",\"itemListElement\":[{\"@type\":\"ListItem\",\"position\":1,\"name\":\"Home\",\"item\":\"https:\\\/\\\/www.sounddesignist.com\\\/tr\\\/\"},{\"@type\":\"ListItem\",\"position\":2,\"name\":\"GENESYS STUDIO\"}]},{\"@type\":\"WebSite\",\"@id\":\"https:\\\/\\\/www.sounddesignist.com\\\/tr\\\/#website\",\"url\":\"https:\\\/\\\/www.sounddesignist.com\\\/tr\\\/\",\"name\":\"Sound Design Istanbul\",\"description\":\"Subcultural Electronic Music Community\",\"potentialAction\":[{\"@type\":\"SearchAction\",\"target\":{\"@type\":\"EntryPoint\",\"urlTemplate\":\"https:\\\/\\\/www.sounddesignist.com\\\/tr\\\/?s={search_term_string}\"},\"query-input\":{\"@type\":\"PropertyValueSpecification\",\"valueRequired\":true,\"valueName\":\"search_term_string\"}}],\"inLanguage\":\"tr\"}]}<\/script>\n<!-- \/ Yoast SEO plugin. -->","yoast_head_json":{"title":"GENESYS STUDIO - Sound Design Istanbul","robots":{"index":"index","follow":"follow","max-snippet":"max-snippet:-1","max-image-preview":"max-image-preview:large","max-video-preview":"max-video-preview:-1"},"canonical":"https:\/\/www.sounddesignist.com\/tr\/genesys-studio\/","og_locale":"tr_TR","og_type":"article","og_title":"GENESYS STUDIO - Sound Design Istanbul","og_description":"M\u00fczik end\u00fcstrisinin g\u00fcncel ihtiya\u00e7lar\u0131na g\u00f6re haz\u0131rlanan Genesys Studio ile projelerini ve ses tasar\u0131mlar\u0131n\u0131 en g\u00fcncel ekipmanlarla kaydet. SDI ses m\u00fchendislerinin ve prod\u00fckt\u00f6rlerinin t\u00fcm ihtiya\u00e7lar\u0131n\u0131 en g\u00fcncel ekipmanlarla kar\u015f\u0131layan Genesys Studio ile planlad\u0131\u011f\u0131n projeleri ask\u0131ya alma. Sahip oldu\u011fun teorik bilgileri ve ses tasar\u0131mlar\u0131n\u0131, en iyi ekipmanlar\u0131 kullanarak Genesys Studio ile prati\u011fe d\u00f6k! M\u00fczik end\u00fcstrisinin ihtiya\u00e7lar\u0131n\u0131 en...","og_url":"https:\/\/www.sounddesignist.com\/tr\/genesys-studio\/","og_site_name":"Sound Design Istanbul","article_modified_time":"2022-06-15T07:46:23+00:00","twitter_card":"summary_large_image","twitter_misc":{"Tahmini okuma s\u00fcresi":"1 dakika"},"schema":{"@context":"https:\/\/schema.org","@graph":[{"@type":"WebPage","@id":"https:\/\/www.sounddesignist.com\/tr\/genesys-studio\/","url":"https:\/\/www.sounddesignist.com\/tr\/genesys-studio\/","name":"GENESYS STUDIO - Sound Design Istanbul","isPartOf":{"@id":"https:\/\/www.sounddesignist.com\/tr\/#website"},"datePublished":"2019-10-27T23:09:55+00:00","dateModified":"2022-06-15T07:46:23+00:00","breadcrumb":{"@id":"https:\/\/www.sounddesignist.com\/tr\/genesys-studio\/#breadcrumb"},"inLanguage":"tr","potentialAction":[{"@type":"ReadAction","target":["https:\/\/www.sounddesignist.com\/tr\/genesys-studio\/"]}]},{"@type":"BreadcrumbList","@id":"https:\/\/www.sounddesignist.com\/tr\/genesys-studio\/#breadcrumb","itemListElement":[{"@type":"ListItem","position":1,"name":"Home","item":"https:\/\/www.sounddesignist.com\/tr\/"},{"@type":"ListItem","position":2,"name":"GENESYS STUDIO"}]},{"@type":"WebSite","@id":"https:\/\/www.sounddesignist.com\/tr\/#website","url":"https:\/\/www.sounddesignist.com\/tr\/","name":"Sound Design Istanbul","description":"Subcultural Electronic Music Community","potentialAction":[{"@type":"SearchAction","target":{"@type":"EntryPoint","urlTemplate":"https:\/\/www.sounddesignist.com\/tr\/?s={search_term_string}"},"query-input":{"@type":"PropertyValueSpecification","valueRequired":true,"valueName":"search_term_string"}}],"inLanguage":"tr"}]}},"_links":{"self":[{"href":"https:\/\/www.sounddesignist.com\/tr\/wp-json\/wp\/v2\/pages\/701","targetHints":{"allow":["GET"]}}],"collection":[{"href":"https:\/\/www.sounddesignist.com\/tr\/wp-json\/wp\/v2\/pages"}],"about":[{"href":"https:\/\/www.sounddesignist.com\/tr\/wp-json\/wp\/v2\/types\/page"}],"author":[{"embeddable":true,"href":"https:\/\/www.sounddesignist.com\/tr\/wp-json\/wp\/v2\/users\/3"}],"replies":[{"embeddable":true,"href":"https:\/\/www.sounddesignist.com\/tr\/wp-json\/wp\/v2\/comments?post=701"}],"version-history":[{"count":15,"href":"https:\/\/www.sounddesignist.com\/tr\/wp-json\/wp\/v2\/pages\/701\/revisions"}],"predecessor-version":[{"id":1037,"href":"https:\/\/www.sounddesignist.com\/tr\/wp-json\/wp\/v2\/pages\/701\/revisions\/1037"}],"wp:attachment":[{"href":"https:\/\/www.sounddesignist.com\/tr\/wp-json\/wp\/v2\/media?parent=701"}],"curies":[{"name":"wp","href":"https:\/\/api.w.org\/{rel}","templated":true}]}}