{"id":718,"date":"2019-10-28T02:56:54","date_gmt":"2019-10-27T23:56:54","guid":{"rendered":"https:\/\/www.sounddesignist.com\/tr\/?page_id=718"},"modified":"2022-06-15T10:46:44","modified_gmt":"2022-06-15T07:46:44","slug":"icon-studio","status":"publish","type":"page","link":"https:\/\/www.sounddesignist.com\/tr\/icon-studio\/","title":{"rendered":"ICON STUDIO"},"content":{"rendered":"\n<p>Ses m\u00fchendislerinin ve prod\u00fckt\u00f6rlerin t\u00fcm ihtiya\u00e7lar\u0131n\u0131 en g\u00fcncel ekipman ve yaz\u0131l\u0131mlarla kar\u015f\u0131layan ICON Studio ile erteledi\u011fin m\u00fczik projelerini hayata ge\u00e7ir. Sahip oldu\u011fun teorik bilgileri prati\u011fe d\u00f6k ve ses tasar\u0131mlar\u0131n\u0131 en iyi ekipmanlar\u0131 kullanarak kaydet.<\/p>\n\n\n\n<p>ICON Studio ile projelerine en g\u00fcncel ekipmanlarla ses ver!<\/p>\n\n\n\n<p>SDI ses m\u00fchendisleri ve prod\u00fckt\u00f6rlerinin t\u00fcm ihtiya\u00e7lar\u0131n\u0131 son teknoloji yaz\u0131l\u0131m ve donan\u0131mlarla kar\u015f\u0131layan ICON Studio ile ses tasar\u0131mlar\u0131n\u0131 kaydet, m\u00fczik end\u00fcstrisinde ad\u0131n\u0131 en kaliteli kay\u0131tlarla duyur.<\/p>\n","protected":false},"excerpt":{"rendered":"<p>Ses m\u00fchendislerinin ve prod\u00fckt\u00f6rlerin t\u00fcm ihtiya\u00e7lar\u0131n\u0131 en g\u00fcncel ekipman ve yaz\u0131l\u0131mlarla kar\u015f\u0131layan ICON Studio ile erteledi\u011fin m\u00fczik projelerini hayata ge\u00e7ir. Sahip oldu\u011fun teorik bilgileri prati\u011fe d\u00f6k ve ses tasar\u0131mlar\u0131n\u0131 en iyi ekipmanlar\u0131 kullanarak kaydet. ICON Studio ile projelerine en g\u00fcncel ekipmanlarla ses ver! SDI ses m\u00fchendisleri ve prod\u00fckt\u00f6rlerinin t\u00fcm ihtiya\u00e7lar\u0131n\u0131 son teknoloji yaz\u0131l\u0131m ve donan\u0131mlarla&#8230;<\/p>\n","protected":false},"author":3,"featured_media":0,"parent":0,"menu_order":0,"comment_status":"closed","ping_status":"closed","template":"page-studyo.php","meta":{"_acf_changed":false,"footnotes":""},"class_list":["post-718","page","type-page","status-publish","hentry"],"acf":[],"yoast_head":"<!-- This site is optimized with the Yoast SEO plugin v27.3 - https:\/\/yoast.com\/product\/yoast-seo-wordpress\/ -->\n<title>ICON STUDIO - Sound Design Istanbul<\/title>\n<meta name=\"robots\" content=\"index, follow, max-snippet:-1, max-image-preview:large, max-video-preview:-1\" \/>\n<link rel=\"canonical\" href=\"https:\/\/www.sounddesignist.com\/tr\/icon-studio\/\" \/>\n<meta property=\"og:locale\" content=\"tr_TR\" \/>\n<meta property=\"og:type\" content=\"article\" \/>\n<meta property=\"og:title\" content=\"ICON STUDIO - Sound Design Istanbul\" \/>\n<meta property=\"og:description\" content=\"Ses m\u00fchendislerinin ve prod\u00fckt\u00f6rlerin t\u00fcm ihtiya\u00e7lar\u0131n\u0131 en g\u00fcncel ekipman ve yaz\u0131l\u0131mlarla kar\u015f\u0131layan ICON Studio ile erteledi\u011fin m\u00fczik projelerini hayata ge\u00e7ir. Sahip oldu\u011fun teorik bilgileri prati\u011fe d\u00f6k ve ses tasar\u0131mlar\u0131n\u0131 en iyi ekipmanlar\u0131 kullanarak kaydet. ICON Studio ile projelerine en g\u00fcncel ekipmanlarla ses ver! SDI ses m\u00fchendisleri ve prod\u00fckt\u00f6rlerinin t\u00fcm ihtiya\u00e7lar\u0131n\u0131 son teknoloji yaz\u0131l\u0131m ve donan\u0131mlarla...\" \/>\n<meta property=\"og:url\" content=\"https:\/\/www.sounddesignist.com\/tr\/icon-studio\/\" \/>\n<meta property=\"og:site_name\" content=\"Sound Design Istanbul\" \/>\n<meta property=\"article:modified_time\" content=\"2022-06-15T07:46:44+00:00\" \/>\n<meta name=\"twitter:card\" content=\"summary_large_image\" \/>\n<meta name=\"twitter:label1\" content=\"Tahmini okuma s\u00fcresi\" \/>\n\t<meta name=\"twitter:data1\" content=\"1 dakika\" \/>\n<script type=\"application\/ld+json\" class=\"yoast-schema-graph\">{\"@context\":\"https:\\\/\\\/schema.org\",\"@graph\":[{\"@type\":\"WebPage\",\"@id\":\"https:\\\/\\\/www.sounddesignist.com\\\/tr\\\/icon-studio\\\/\",\"url\":\"https:\\\/\\\/www.sounddesignist.com\\\/tr\\\/icon-studio\\\/\",\"name\":\"ICON STUDIO - Sound Design Istanbul\",\"isPartOf\":{\"@id\":\"https:\\\/\\\/www.sounddesignist.com\\\/tr\\\/#website\"},\"datePublished\":\"2019-10-27T23:56:54+00:00\",\"dateModified\":\"2022-06-15T07:46:44+00:00\",\"breadcrumb\":{\"@id\":\"https:\\\/\\\/www.sounddesignist.com\\\/tr\\\/icon-studio\\\/#breadcrumb\"},\"inLanguage\":\"tr\",\"potentialAction\":[{\"@type\":\"ReadAction\",\"target\":[\"https:\\\/\\\/www.sounddesignist.com\\\/tr\\\/icon-studio\\\/\"]}]},{\"@type\":\"BreadcrumbList\",\"@id\":\"https:\\\/\\\/www.sounddesignist.com\\\/tr\\\/icon-studio\\\/#breadcrumb\",\"itemListElement\":[{\"@type\":\"ListItem\",\"position\":1,\"name\":\"Home\",\"item\":\"https:\\\/\\\/www.sounddesignist.com\\\/tr\\\/\"},{\"@type\":\"ListItem\",\"position\":2,\"name\":\"ICON STUDIO\"}]},{\"@type\":\"WebSite\",\"@id\":\"https:\\\/\\\/www.sounddesignist.com\\\/tr\\\/#website\",\"url\":\"https:\\\/\\\/www.sounddesignist.com\\\/tr\\\/\",\"name\":\"Sound Design Istanbul\",\"description\":\"Subcultural Electronic Music Community\",\"potentialAction\":[{\"@type\":\"SearchAction\",\"target\":{\"@type\":\"EntryPoint\",\"urlTemplate\":\"https:\\\/\\\/www.sounddesignist.com\\\/tr\\\/?s={search_term_string}\"},\"query-input\":{\"@type\":\"PropertyValueSpecification\",\"valueRequired\":true,\"valueName\":\"search_term_string\"}}],\"inLanguage\":\"tr\"}]}<\/script>\n<!-- \/ Yoast SEO plugin. -->","yoast_head_json":{"title":"ICON STUDIO - Sound Design Istanbul","robots":{"index":"index","follow":"follow","max-snippet":"max-snippet:-1","max-image-preview":"max-image-preview:large","max-video-preview":"max-video-preview:-1"},"canonical":"https:\/\/www.sounddesignist.com\/tr\/icon-studio\/","og_locale":"tr_TR","og_type":"article","og_title":"ICON STUDIO - Sound Design Istanbul","og_description":"Ses m\u00fchendislerinin ve prod\u00fckt\u00f6rlerin t\u00fcm ihtiya\u00e7lar\u0131n\u0131 en g\u00fcncel ekipman ve yaz\u0131l\u0131mlarla kar\u015f\u0131layan ICON Studio ile erteledi\u011fin m\u00fczik projelerini hayata ge\u00e7ir. Sahip oldu\u011fun teorik bilgileri prati\u011fe d\u00f6k ve ses tasar\u0131mlar\u0131n\u0131 en iyi ekipmanlar\u0131 kullanarak kaydet. ICON Studio ile projelerine en g\u00fcncel ekipmanlarla ses ver! SDI ses m\u00fchendisleri ve prod\u00fckt\u00f6rlerinin t\u00fcm ihtiya\u00e7lar\u0131n\u0131 son teknoloji yaz\u0131l\u0131m ve donan\u0131mlarla...","og_url":"https:\/\/www.sounddesignist.com\/tr\/icon-studio\/","og_site_name":"Sound Design Istanbul","article_modified_time":"2022-06-15T07:46:44+00:00","twitter_card":"summary_large_image","twitter_misc":{"Tahmini okuma s\u00fcresi":"1 dakika"},"schema":{"@context":"https:\/\/schema.org","@graph":[{"@type":"WebPage","@id":"https:\/\/www.sounddesignist.com\/tr\/icon-studio\/","url":"https:\/\/www.sounddesignist.com\/tr\/icon-studio\/","name":"ICON STUDIO - Sound Design Istanbul","isPartOf":{"@id":"https:\/\/www.sounddesignist.com\/tr\/#website"},"datePublished":"2019-10-27T23:56:54+00:00","dateModified":"2022-06-15T07:46:44+00:00","breadcrumb":{"@id":"https:\/\/www.sounddesignist.com\/tr\/icon-studio\/#breadcrumb"},"inLanguage":"tr","potentialAction":[{"@type":"ReadAction","target":["https:\/\/www.sounddesignist.com\/tr\/icon-studio\/"]}]},{"@type":"BreadcrumbList","@id":"https:\/\/www.sounddesignist.com\/tr\/icon-studio\/#breadcrumb","itemListElement":[{"@type":"ListItem","position":1,"name":"Home","item":"https:\/\/www.sounddesignist.com\/tr\/"},{"@type":"ListItem","position":2,"name":"ICON STUDIO"}]},{"@type":"WebSite","@id":"https:\/\/www.sounddesignist.com\/tr\/#website","url":"https:\/\/www.sounddesignist.com\/tr\/","name":"Sound Design Istanbul","description":"Subcultural Electronic Music Community","potentialAction":[{"@type":"SearchAction","target":{"@type":"EntryPoint","urlTemplate":"https:\/\/www.sounddesignist.com\/tr\/?s={search_term_string}"},"query-input":{"@type":"PropertyValueSpecification","valueRequired":true,"valueName":"search_term_string"}}],"inLanguage":"tr"}]}},"_links":{"self":[{"href":"https:\/\/www.sounddesignist.com\/tr\/wp-json\/wp\/v2\/pages\/718","targetHints":{"allow":["GET"]}}],"collection":[{"href":"https:\/\/www.sounddesignist.com\/tr\/wp-json\/wp\/v2\/pages"}],"about":[{"href":"https:\/\/www.sounddesignist.com\/tr\/wp-json\/wp\/v2\/types\/page"}],"author":[{"embeddable":true,"href":"https:\/\/www.sounddesignist.com\/tr\/wp-json\/wp\/v2\/users\/3"}],"replies":[{"embeddable":true,"href":"https:\/\/www.sounddesignist.com\/tr\/wp-json\/wp\/v2\/comments?post=718"}],"version-history":[{"count":6,"href":"https:\/\/www.sounddesignist.com\/tr\/wp-json\/wp\/v2\/pages\/718\/revisions"}],"predecessor-version":[{"id":1038,"href":"https:\/\/www.sounddesignist.com\/tr\/wp-json\/wp\/v2\/pages\/718\/revisions\/1038"}],"wp:attachment":[{"href":"https:\/\/www.sounddesignist.com\/tr\/wp-json\/wp\/v2\/media?parent=718"}],"curies":[{"name":"wp","href":"https:\/\/api.w.org\/{rel}","templated":true}]}}